{"id":33,"date":"2016-01-08T11:11:20","date_gmt":"2016-01-08T09:11:20","guid":{"rendered":"http:\/\/sirloin.ee\/wp\/contact-page\/"},"modified":"2024-12-20T19:31:07","modified_gmt":"2024-12-20T17:31:07","slug":"contact","status":"publish","type":"page","link":"https:\/\/sirloin.ee\/en\/contact\/","title":{"rendered":"Contact"},"content":{"rendered":"<p>CONTACT US\t\t\t\t\t\t\t\t\t\t\t\t\t\t\t\t\t\t\t\t\t\t\t\t\t\t\t<\/p>\n<p>Your name *<\/p>\n<p>E-mail *<\/p>\n<p>Title<\/p>\n<p>Message<\/p>\n<p>Eduard PermanProduction ManagerTel +372 5551 2632<a href=\"mailto:eduard@sirloin.ee\">eduard@sirloin.ee<\/a>Lauri BobrovskiChief Executive Officer+3725230732<a href=\"https:\/\/sirloin.ee\/en\/\">lauri@sirloin.ee<\/a>SirLoin O\u00dcJ\u00fcrifarmi, Vahuk\u00fcla, 73020, J\u00e4rva vald, J\u00e4rvamaainfo@sirloin.ee<\/p>\n<p><!-- \/row --><\/p>\n","protected":false},"excerpt":{"rendered":"<p class=\"excerpt\">CONTACT US Your name * E-mail * Title Message Eduard PermanProduction ManagerTel +372 5551 2632eduard@sirloin.eeLauri BobrovskiChief Executive Officer+3725230732lauri@sirloin.eeSirLoin O\u00dcJ\u00fcrifarmi, Vahuk\u00fcla, 73020, J\u00e4rva vald, J\u00e4rvamaainfo@sirloin.ee<\/p>\n","protected":false},"author":1,"featured_media":0,"parent":0,"menu_order":0,"comment_status":"closed","ping_status":"closed","template":"builder.php","meta":{"footnotes":""},"class_list":["post-33","page","type-page","status-publish","hentry"],"_links":{"self":[{"href":"https:\/\/sirloin.ee\/en\/wp-json\/wp\/v2\/pages\/33","targetHints":{"allow":["GET"]}}],"collection":[{"href":"https:\/\/sirloin.ee\/en\/wp-json\/wp\/v2\/pages"}],"about":[{"href":"https:\/\/sirloin.ee\/en\/wp-json\/wp\/v2\/types\/page"}],"author":[{"embeddable":true,"href":"https:\/\/sirloin.ee\/en\/wp-json\/wp\/v2\/users\/1"}],"replies":[{"embeddable":true,"href":"https:\/\/sirloin.ee\/en\/wp-json\/wp\/v2\/comments?post=33"}],"version-history":[{"count":5,"href":"https:\/\/sirloin.ee\/en\/wp-json\/wp\/v2\/pages\/33\/revisions"}],"predecessor-version":[{"id":702,"href":"https:\/\/sirloin.ee\/en\/wp-json\/wp\/v2\/pages\/33\/revisions\/702"}],"wp:attachment":[{"href":"https:\/\/sirloin.ee\/en\/wp-json\/wp\/v2\/media?parent=33"}],"curies":[{"name":"wp","href":"https:\/\/api.w.org\/{rel}","templated":true}]}}