{"id":8,"date":"2015-12-12T17:00:34","date_gmt":"2015-12-12T17:00:34","guid":{"rendered":"http:\/\/sirloin.ee\/wp\/home-page-2\/"},"modified":"2024-12-20T19:32:49","modified_gmt":"2024-12-20T17:32:49","slug":"home-page-2","status":"publish","type":"page","link":"https:\/\/sirloin.ee\/en\/","title":{"rendered":"Home"},"content":{"rendered":"<p>We turn domestic organic meat into valuable organic products\t\t\t\t\t\t\t\t\t\t\t\t\t\t<\/p>\n<p><img decoding=\"async\" width=\"90\" height=\"60\" src=\"http:\/\/sirloin.ee\/en\/wp-content\/uploads\/2016\/09\/eu_organic_logo_colour_rgb.png\" \/><br \/>\n\t\t\t\t\t\t\t\t\t\t\t\t\t\t\t\t\t\t\t <!-- .container --><br \/>\n\t\t\t\t\t\t\t\t <!-- .overlay --><\/p>\n<p><img fetchpriority=\"high\" decoding=\"async\" width=\"1000\" height=\"1000\" src=\"http:\/\/sirloin.ee\/en\/wp-content\/uploads\/2024\/05\/Metsla-lihat\u00f6\u00f6stus-4-1000x1000.jpg\" \/>\t\t\t\t\t\t\t\t\t\t\t\t\t\t\t\t\t\t\t\t\t\t\t<\/p>\n<p>PROCESSING OF ORGANIC MEAT<br \/>\n\t\t\t\t\t\t\t\t\t\t\t\t\t\t\t\t\t\t\t\t\t\t\t\t\t\t\t\t\t\t\t\t\t\t\t\t\tAnimal welfare, free movement, fresh air and organic feed are important in organic animal husbandry!Why organic? Because natural food just tastes good!<\/p>\n<p><img decoding=\"async\" width=\"1000\" height=\"1000\" src=\"http:\/\/sirloin.ee\/en\/wp-content\/uploads\/2024\/05\/Metsla-lihat\u00f6\u00f6stus-5-1000x1000.jpg\" \/>\t\t\t\t\t\t\t\t\t\t\t\t\t\t\t\t\t\t\t\t\t\t\t<\/p>\n<p>SALE AND PROCESSING OF RAW MEAT<br \/>\n\t\t\t\t\t\t\t\t\t\t\t\t\t\t\t\t\t\t\t\t\t\t\t\t\t\t\t\t\t\t\t\t\t\t\t\t\tThanks to versatile and reliable cooperation with Estonian organic meat industries, we process and sell both chilled and frozen organic beef.\u00a0<\/p>\n<p><!-- \/row --><\/p>\n<p>I am so glad that I met Lauri Bobrovski, a young and developing entrepreneur. He has a strong sense of mission and an even stronger sense of duty. He has managed to combine people\u2019s desires and the best products which have won the customers\u2019 heart and trust. I truly recommend SirLoin O\u00dc products to everyone.Saima Piisner, Business Consultant at thefoundation J\u00e4rva County Development Centre<\/p>\n<p><!-- .container --><br \/>\n\t\t\t\t\t\t\t\t <!-- .overlay --><\/p>\n<p>CONTACT US\t\t\t\t\t\t\t\t\t\t\t\t\t\t\t\t\t\t\t\t\t\t\t\t\t\t\t<\/p>\n<p>Your name *<\/p>\n<p>E-mail *<\/p>\n<p>Title<\/p>\n<p>Message<\/p>\n<p>CONTACT<br \/>\n\t\t\t\t\t\t\t\t\t\t\t\t\t\t\t\t\t\t\t\t\t\t\t\t\t\t\t\t\t\t\t\t\t\t\t\t\tEduard PermanProduction ManagerTel +372\u00a05551 2632<a href=\"mailto:eduard@sirloin.ee\">eduard@sirloin.ee<\/a>Lauri BobrovskiChief Executive Officer+3725230732lauri@sirloin.eeSirLoin O\u00dcJ\u00fcrifarmi, Vahuk\u00fcla, 73020, J\u00e4rva vald, J\u00e4rvamaainfo@sirloin.ee<\/p>\n<p><!-- \/row --><\/p>\n","protected":false},"excerpt":{"rendered":"<p class=\"excerpt\">We turn domestic organic meat into valuable organic products PROCESSING OF ORGANIC MEAT Animal welfare, free movement, fresh air and organic feed are important in organic animal husbandry!Why organic? Because natural food just tastes good! SALE AND PROCESSING OF RAW MEAT Thanks to versatile and reliable cooperation with Estonian organic meat industries, we process and [&hellip;]<\/p>\n","protected":false},"author":1,"featured_media":0,"parent":0,"menu_order":0,"comment_status":"closed","ping_status":"closed","template":"builder.php","meta":{"footnotes":""},"class_list":["post-8","page","type-page","status-publish","hentry"],"_links":{"self":[{"href":"https:\/\/sirloin.ee\/en\/wp-json\/wp\/v2\/pages\/8","targetHints":{"allow":["GET"]}}],"collection":[{"href":"https:\/\/sirloin.ee\/en\/wp-json\/wp\/v2\/pages"}],"about":[{"href":"https:\/\/sirloin.ee\/en\/wp-json\/wp\/v2\/types\/page"}],"author":[{"embeddable":true,"href":"https:\/\/sirloin.ee\/en\/wp-json\/wp\/v2\/users\/1"}],"replies":[{"embeddable":true,"href":"https:\/\/sirloin.ee\/en\/wp-json\/wp\/v2\/comments?post=8"}],"version-history":[{"count":5,"href":"https:\/\/sirloin.ee\/en\/wp-json\/wp\/v2\/pages\/8\/revisions"}],"predecessor-version":[{"id":712,"href":"https:\/\/sirloin.ee\/en\/wp-json\/wp\/v2\/pages\/8\/revisions\/712"}],"wp:attachment":[{"href":"https:\/\/sirloin.ee\/en\/wp-json\/wp\/v2\/media?parent=8"}],"curies":[{"name":"wp","href":"https:\/\/api.w.org\/{rel}","templated":true}]}}